{"id":25,"date":"2021-07-14T11:08:12","date_gmt":"2021-07-14T11:08:12","guid":{"rendered":"https:\/\/bandavanadventures.com\/about\/"},"modified":"2021-08-05T13:05:18","modified_gmt":"2021-08-05T13:05:18","slug":"about","status":"publish","type":"page","link":"https:\/\/bandavanadventures.com\/en\/about\/","title":{"rendered":"About"},"content":{"rendered":"<div id=\"cs-content\" class=\"cs-content\"><\/div>","protected":false},"excerpt":{"rendered":"<p>O bandiNa&scaron;a bandaSmo pet \u010dlanska dru\u017eina s slovenske obale, ki rada potuje, kampira, raziskuje nove kraje, hribolazi, hodi na izlete, ali se vozi kar tako, v\u010dasih brez definiranega kon\u010dnega cilja. Smo spontani in prilagodljivi, tako kot tudi vsi na\u0161i plani. Ker smo velika dru\u017eina, je skoraj nemogo\u010de, da bi vedno \u0161lo vse po prvotnem na\u010drtu, za to tudi radi planiramo &#8230; <\/p>\n<div><a href=\"https:\/\/bandavanadventures.com\/en\/about\/\" class=\"more-link\">Read More<\/a><\/div>","protected":false},"author":1,"featured_media":0,"parent":0,"menu_order":0,"comment_status":"closed","ping_status":"closed","template":"","meta":{"om_disable_all_campaigns":false,"_monsterinsights_skip_tracking":false,"_monsterinsights_sitenote_active":false,"_monsterinsights_sitenote_note":"","_monsterinsights_sitenote_category":0,"_uf_show_specific_survey":0,"_uf_disable_surveys":false,"footnotes":""},"class_list":["post-25","page","type-page","status-publish","hentry","no-post-thumbnail"],"aioseo_notices":[],"_links":{"self":[{"href":"https:\/\/bandavanadventures.com\/en\/wp-json\/wp\/v2\/pages\/25","targetHints":{"allow":["GET"]}}],"collection":[{"href":"https:\/\/bandavanadventures.com\/en\/wp-json\/wp\/v2\/pages"}],"about":[{"href":"https:\/\/bandavanadventures.com\/en\/wp-json\/wp\/v2\/types\/page"}],"author":[{"embeddable":true,"href":"https:\/\/bandavanadventures.com\/en\/wp-json\/wp\/v2\/users\/1"}],"replies":[{"embeddable":true,"href":"https:\/\/bandavanadventures.com\/en\/wp-json\/wp\/v2\/comments?post=25"}],"version-history":[{"count":15,"href":"https:\/\/bandavanadventures.com\/en\/wp-json\/wp\/v2\/pages\/25\/revisions"}],"predecessor-version":[{"id":393,"href":"https:\/\/bandavanadventures.com\/en\/wp-json\/wp\/v2\/pages\/25\/revisions\/393"}],"wp:attachment":[{"href":"https:\/\/bandavanadventures.com\/en\/wp-json\/wp\/v2\/media?parent=25"}],"curies":[{"name":"wp","href":"https:\/\/api.w.org\/{rel}","templated":true}]}}